{"id":13,"date":"2025-08-30T20:36:33","date_gmt":"2025-08-30T20:36:33","guid":{"rendered":"http:\/\/styletpinceau.fr\/styletpinceau\/?page_id=13"},"modified":"2025-12-03T20:16:42","modified_gmt":"2025-12-03T20:16:42","slug":"accueil","status":"publish","type":"page","link":"http:\/\/styletpinceau.fr\/styletpinceau\/","title":{"rendered":"Accueil"},"content":{"rendered":"\t\t<div data-elementor-type=\"wp-post\" data-elementor-id=\"13\" class=\"elementor elementor-13\">\n\t\t\t\t<div class=\"elementor-element elementor-element-933a035 e-grid e-con-boxed wpr-particle-no wpr-jarallax-no wpr-parallax-no wpr-sticky-section-no e-con e-parent\" data-id=\"933a035\" data-element_type=\"container\" data-e-type=\"container\">\n\t\t\t\t\t<div class=\"e-con-inner\">\n\t\t\t\t<div class=\"elementor-element elementor-element-ba002c0 elementor-widget elementor-widget-heading\" data-id=\"ba002c0\" data-element_type=\"widget\" data-e-type=\"widget\" data-widget_type=\"heading.default\">\n\t\t\t\t\t<h1 class=\"elementor-heading-title elementor-size-default\">Stylet\/pinceau\n\n(et ciseaux )<\/h1>\t\t\t\t<\/div>\n\t\t\t\t<div class=\"elementor-element elementor-element-155011e elementor-widget elementor-widget-text-editor\" data-id=\"155011e\" data-element_type=\"widget\" data-e-type=\"widget\" data-widget_type=\"text-editor.default\">\n\t\t\t\t\t\t\t\t\t<p><span dir=\"auto\" style=\"vertical-align: inherit;\"><span dir=\"auto\" style=\"vertical-align: inherit;\">Cosplay, v\u00eatements personnalis\u00e9s et originaux, masque en mousse EVA, illustration, travail du cuir et textiles, embellissement de tissus.<\/span><\/span><\/p>\t\t\t\t\t\t\t\t<\/div>\n\t\t\t\t<div class=\"elementor-element elementor-element-ab5257d elementor-widget elementor-widget-image\" data-id=\"ab5257d\" data-element_type=\"widget\" data-e-type=\"widget\" data-widget_type=\"image.default\">\n\t\t\t\t\t\t\t\t\t\t\t\t\t\t\t<img fetchpriority=\"high\" decoding=\"async\" width=\"960\" height=\"541\" src=\"http:\/\/styletpinceau.fr\/styletpinceau\/wp-content\/uploads\/2025\/08\/20250609_164401-1024x577.jpg\" class=\"attachment-large size-large wp-image-87\" alt=\"\" srcset=\"http:\/\/styletpinceau.fr\/styletpinceau\/wp-content\/uploads\/2025\/08\/20250609_164401-1024x577.jpg 1024w, http:\/\/styletpinceau.fr\/styletpinceau\/wp-content\/uploads\/2025\/08\/20250609_164401-300x169.jpg 300w, http:\/\/styletpinceau.fr\/styletpinceau\/wp-content\/uploads\/2025\/08\/20250609_164401-768x432.jpg 768w, http:\/\/styletpinceau.fr\/styletpinceau\/wp-content\/uploads\/2025\/08\/20250609_164401-1536x865.jpg 1536w, http:\/\/styletpinceau.fr\/styletpinceau\/wp-content\/uploads\/2025\/08\/20250609_164401-2048x1153.jpg 2048w, http:\/\/styletpinceau.fr\/styletpinceau\/wp-content\/uploads\/2025\/08\/20250609_164401-600x338.jpg 600w\" sizes=\"(max-width: 960px) 100vw, 960px\" \/>\t\t\t\t\t\t\t\t\t\t\t\t\t\t\t<\/div>\n\t\t\t\t\t<\/div>\n\t\t\t\t<\/div>\n\t\t<div class=\"elementor-element elementor-element-cbf9287 e-flex e-con-boxed wpr-particle-no wpr-jarallax-no wpr-parallax-no wpr-sticky-section-no e-con e-parent\" data-id=\"cbf9287\" data-element_type=\"container\" data-e-type=\"container\">\n\t\t\t\t\t<div class=\"e-con-inner\">\n\t\t<div class=\"elementor-element elementor-element-55cf369 e-con-full e-flex wpr-particle-no wpr-jarallax-no wpr-parallax-no wpr-sticky-section-no e-con e-child\" data-id=\"55cf369\" data-element_type=\"container\" data-e-type=\"container\">\n\t\t\t\t<div class=\"elementor-element elementor-element-669b4a5 elementor-widget elementor-widget-image\" data-id=\"669b4a5\" data-element_type=\"widget\" data-e-type=\"widget\" data-widget_type=\"image.default\">\n\t\t\t\t\t\t\t\t\t\t\t\t\t\t\t<img decoding=\"async\" width=\"640\" height=\"400\" src=\"http:\/\/styletpinceau.fr\/styletpinceau\/wp-content\/uploads\/2025\/08\/tenture-2-640x400-1.jpg\" class=\"attachment-full size-full wp-image-69\" alt=\"\" srcset=\"http:\/\/styletpinceau.fr\/styletpinceau\/wp-content\/uploads\/2025\/08\/tenture-2-640x400-1.jpg 640w, http:\/\/styletpinceau.fr\/styletpinceau\/wp-content\/uploads\/2025\/08\/tenture-2-640x400-1-300x188.jpg 300w, http:\/\/styletpinceau.fr\/styletpinceau\/wp-content\/uploads\/2025\/08\/tenture-2-640x400-1-600x375.jpg 600w\" sizes=\"(max-width: 640px) 100vw, 640px\" \/>\t\t\t\t\t\t\t\t\t\t\t\t\t\t\t<\/div>\n\t\t\t\t<\/div>\n\t\t<div class=\"elementor-element elementor-element-9647dfb e-con-full e-flex wpr-particle-no wpr-jarallax-no wpr-parallax-no wpr-sticky-section-no e-con e-child\" data-id=\"9647dfb\" data-element_type=\"container\" data-e-type=\"container\">\n\t\t\t\t<div class=\"elementor-element elementor-element-67e6051 elementor-widget elementor-widget-image\" data-id=\"67e6051\" data-element_type=\"widget\" data-e-type=\"widget\" data-widget_type=\"image.default\">\n\t\t\t\t\t\t\t\t\t\t\t\t\t\t\t<img decoding=\"async\" width=\"640\" height=\"427\" src=\"http:\/\/styletpinceau.fr\/styletpinceau\/wp-content\/uploads\/2025\/08\/DSC06087.jpeg\" class=\"attachment-large size-large wp-image-88\" alt=\"\" srcset=\"http:\/\/styletpinceau.fr\/styletpinceau\/wp-content\/uploads\/2025\/08\/DSC06087.jpeg 640w, http:\/\/styletpinceau.fr\/styletpinceau\/wp-content\/uploads\/2025\/08\/DSC06087-300x200.jpeg 300w, http:\/\/styletpinceau.fr\/styletpinceau\/wp-content\/uploads\/2025\/08\/DSC06087-600x400.jpeg 600w\" sizes=\"(max-width: 640px) 100vw, 640px\" \/>\t\t\t\t\t\t\t\t\t\t\t\t\t\t\t<\/div>\n\t\t\t\t<\/div>\n\t\t<div class=\"elementor-element elementor-element-b0e5104 e-con-full e-flex wpr-particle-no wpr-jarallax-no wpr-parallax-no wpr-sticky-section-no e-con e-child\" data-id=\"b0e5104\" data-element_type=\"container\" data-e-type=\"container\">\n\t\t\t\t<div class=\"elementor-element elementor-element-bcc5546 elementor-widget elementor-widget-image\" data-id=\"bcc5546\" data-element_type=\"widget\" data-e-type=\"widget\" data-widget_type=\"image.default\">\n\t\t\t\t\t\t\t\t\t\t\t\t\t\t\t<img decoding=\"async\" src=\"http:\/\/styletpinceau.fr\/styletpinceau\/wp-content\/uploads\/2025\/08\/Coline-et-Romain.jpg\" title=\"\" alt=\"\" loading=\"lazy\" \/>\t\t\t\t\t\t\t\t\t\t\t\t\t\t\t<\/div>\n\t\t\t\t<\/div>\n\t\t<div class=\"elementor-element elementor-element-ec7673f e-con-full e-flex wpr-particle-no wpr-jarallax-no wpr-parallax-no wpr-sticky-section-no e-con e-child\" data-id=\"ec7673f\" data-element_type=\"container\" data-e-type=\"container\">\n\t\t\t\t<div class=\"elementor-element elementor-element-e789677 elementor-widget elementor-widget-image\" data-id=\"e789677\" data-element_type=\"widget\" data-e-type=\"widget\" data-widget_type=\"image.default\">\n\t\t\t\t\t\t\t\t\t\t\t\t\t\t\t<img loading=\"lazy\" decoding=\"async\" width=\"960\" height=\"720\" src=\"http:\/\/styletpinceau.fr\/styletpinceau\/wp-content\/uploads\/2025\/08\/20250603_110719-1024x768.jpg\" class=\"attachment-large size-large wp-image-93\" alt=\"\" srcset=\"http:\/\/styletpinceau.fr\/styletpinceau\/wp-content\/uploads\/2025\/08\/20250603_110719-1024x768.jpg 1024w, http:\/\/styletpinceau.fr\/styletpinceau\/wp-content\/uploads\/2025\/08\/20250603_110719-300x225.jpg 300w, http:\/\/styletpinceau.fr\/styletpinceau\/wp-content\/uploads\/2025\/08\/20250603_110719-768x576.jpg 768w, http:\/\/styletpinceau.fr\/styletpinceau\/wp-content\/uploads\/2025\/08\/20250603_110719-1536x1152.jpg 1536w, http:\/\/styletpinceau.fr\/styletpinceau\/wp-content\/uploads\/2025\/08\/20250603_110719-2048x1536.jpg 2048w, http:\/\/styletpinceau.fr\/styletpinceau\/wp-content\/uploads\/2025\/08\/20250603_110719-600x450.jpg 600w\" sizes=\"(max-width: 960px) 100vw, 960px\" \/>\t\t\t\t\t\t\t\t\t\t\t\t\t\t\t<\/div>\n\t\t\t\t<\/div>\n\t\t\t\t\t<\/div>\n\t\t\t\t<\/div>\n\t\t<div class=\"elementor-element elementor-element-540a15f e-flex e-con-boxed wpr-particle-no wpr-jarallax-no wpr-parallax-no wpr-sticky-section-no e-con e-parent\" data-id=\"540a15f\" data-element_type=\"container\" data-e-type=\"container\">\n\t\t\t\t\t<div class=\"e-con-inner\">\n\t\t\t\t<div class=\"elementor-element elementor-element-9e48be2 elementor-widget__width-initial elementor-widget elementor-widget-text-editor\" data-id=\"9e48be2\" data-element_type=\"widget\" data-e-type=\"widget\" data-widget_type=\"text-editor.default\">\n\t\t\t\t\t\t\t\t\t<p>Mon site est en cours de construction.\u00a0<br \/>Pour tous renseignements, vous pouvez me contacter via mail : styletpinceau@gmail.com<\/p>\t\t\t\t\t\t\t\t<\/div>\n\t\t\t\t\t<\/div>\n\t\t\t\t<\/div>\n\t\t<div class=\"elementor-element elementor-element-d226156 e-flex e-con-boxed wpr-particle-no wpr-jarallax-no wpr-parallax-no wpr-sticky-section-no e-con e-parent\" data-id=\"d226156\" data-element_type=\"container\" data-e-type=\"container\">\n\t\t\t\t\t<div class=\"e-con-inner\">\n\t\t<div class=\"elementor-element elementor-element-5ca35ab e-con-full e-flex wpr-particle-no wpr-jarallax-no wpr-parallax-no wpr-sticky-section-no e-con e-child\" data-id=\"5ca35ab\" data-element_type=\"container\" data-e-type=\"container\">\n\t\t\t\t<div class=\"elementor-element elementor-element-60120cc elementor-widget elementor-widget-image\" data-id=\"60120cc\" data-element_type=\"widget\" data-e-type=\"widget\" data-widget_type=\"image.default\">\n\t\t\t\t\t\t\t\t\t\t\t\t\t\t\t<img loading=\"lazy\" decoding=\"async\" width=\"576\" height=\"1024\" src=\"http:\/\/styletpinceau.fr\/styletpinceau\/wp-content\/uploads\/2025\/08\/20200211_134915-576x1024.jpg\" class=\"attachment-large size-large wp-image-90\" alt=\"\" srcset=\"http:\/\/styletpinceau.fr\/styletpinceau\/wp-content\/uploads\/2025\/08\/20200211_134915-576x1024.jpg 576w, http:\/\/styletpinceau.fr\/styletpinceau\/wp-content\/uploads\/2025\/08\/20200211_134915-169x300.jpg 169w, http:\/\/styletpinceau.fr\/styletpinceau\/wp-content\/uploads\/2025\/08\/20200211_134915-768x1365.jpg 768w, http:\/\/styletpinceau.fr\/styletpinceau\/wp-content\/uploads\/2025\/08\/20200211_134915-864x1536.jpg 864w, http:\/\/styletpinceau.fr\/styletpinceau\/wp-content\/uploads\/2025\/08\/20200211_134915-1152x2048.jpg 1152w, http:\/\/styletpinceau.fr\/styletpinceau\/wp-content\/uploads\/2025\/08\/20200211_134915-600x1067.jpg 600w, http:\/\/styletpinceau.fr\/styletpinceau\/wp-content\/uploads\/2025\/08\/20200211_134915-scaled.jpg 1440w\" sizes=\"(max-width: 576px) 100vw, 576px\" \/>\t\t\t\t\t\t\t\t\t\t\t\t\t\t\t<\/div>\n\t\t\t\t<\/div>\n\t\t<div class=\"elementor-element elementor-element-0a7feff e-con-full e-flex wpr-particle-no wpr-jarallax-no wpr-parallax-no wpr-sticky-section-no e-con e-child\" data-id=\"0a7feff\" data-element_type=\"container\" data-e-type=\"container\">\n\t\t\t\t<div class=\"elementor-element elementor-element-3b52f24 elementor-widget elementor-widget-image\" data-id=\"3b52f24\" data-element_type=\"widget\" data-e-type=\"widget\" data-widget_type=\"image.default\">\n\t\t\t\t\t\t\t\t\t\t\t\t\t\t\t<img loading=\"lazy\" decoding=\"async\" width=\"960\" height=\"540\" src=\"http:\/\/styletpinceau.fr\/styletpinceau\/wp-content\/uploads\/2025\/08\/20170703_143220-1024x576.jpg\" class=\"attachment-large size-large wp-image-89\" alt=\"\" srcset=\"http:\/\/styletpinceau.fr\/styletpinceau\/wp-content\/uploads\/2025\/08\/20170703_143220-1024x576.jpg 1024w, http:\/\/styletpinceau.fr\/styletpinceau\/wp-content\/uploads\/2025\/08\/20170703_143220-300x169.jpg 300w, http:\/\/styletpinceau.fr\/styletpinceau\/wp-content\/uploads\/2025\/08\/20170703_143220-768x432.jpg 768w, http:\/\/styletpinceau.fr\/styletpinceau\/wp-content\/uploads\/2025\/08\/20170703_143220-1536x864.jpg 1536w, http:\/\/styletpinceau.fr\/styletpinceau\/wp-content\/uploads\/2025\/08\/20170703_143220-2048x1152.jpg 2048w, http:\/\/styletpinceau.fr\/styletpinceau\/wp-content\/uploads\/2025\/08\/20170703_143220-600x338.jpg 600w\" sizes=\"(max-width: 960px) 100vw, 960px\" \/>\t\t\t\t\t\t\t\t\t\t\t\t\t\t\t<\/div>\n\t\t\t\t<\/div>\n\t\t\t\t\t<\/div>\n\t\t\t\t<\/div>\n\t\t\t\t<\/div>\n\t\t","protected":false},"excerpt":{"rendered":"<p>Stylet\/pinceau (et ciseaux ) Cosplay, v\u00eatements personnalis\u00e9s et originaux, masque en mousse EVA, illustration, travail du cuir et textiles, embellissement de tissus. Mon site est en cours de construction.\u00a0Pour tous renseignements, vous pouvez me contacter via mail : styletpinceau@gmail.com<\/p>\n","protected":false},"author":1,"featured_media":0,"parent":0,"menu_order":0,"comment_status":"closed","ping_status":"closed","template":"elementor_theme","meta":{"footnotes":""},"class_list":["post-13","page","type-page","status-publish","hentry"],"yoast_head":"<!-- This site is optimized with the Yoast SEO plugin v27.3 - https:\/\/yoast.com\/product\/yoast-seo-wordpress\/ -->\n<title>Accueil - Stylet\/Pinceau<\/title>\n<meta name=\"description\" content=\"Cosplay sur mesure, illustrations personnalis\u00e9es, couture et maroquinerie artisanale. Commandez vos cr\u00e9ations uniques ou d\u00e9couvrez mes objets en vente.\" \/>\n<meta name=\"robots\" content=\"index, follow, max-snippet:-1, max-image-preview:large, max-video-preview:-1\" \/>\n<link rel=\"canonical\" href=\"http:\/\/styletpinceau.fr\/styletpinceau\/\" \/>\n<meta property=\"og:locale\" content=\"en_US\" \/>\n<meta property=\"og:type\" content=\"article\" \/>\n<meta property=\"og:title\" content=\"Accueil - Stylet\/Pinceau\" \/>\n<meta property=\"og:description\" content=\"Cosplay sur mesure, illustrations personnalis\u00e9es, couture et maroquinerie artisanale. Commandez vos cr\u00e9ations uniques ou d\u00e9couvrez mes objets en vente.\" \/>\n<meta property=\"og:url\" content=\"http:\/\/styletpinceau.fr\/styletpinceau\/\" \/>\n<meta property=\"og:site_name\" content=\"Stylet\/Pinceau\" \/>\n<meta property=\"article:modified_time\" content=\"2025-12-03T20:16:42+00:00\" \/>\n<meta property=\"og:image\" content=\"http:\/\/styletpinceau.fr\/styletpinceau\/wp-content\/uploads\/2025\/08\/20250609_164401-1024x577.jpg\" \/>\n<meta name=\"twitter:card\" content=\"summary_large_image\" \/>\n<meta name=\"twitter:label1\" content=\"Est. reading time\" \/>\n\t<meta name=\"twitter:data1\" content=\"1 minute\" \/>\n<script type=\"application\/ld+json\" class=\"yoast-schema-graph\">{\"@context\":\"https:\\\/\\\/schema.org\",\"@graph\":[{\"@type\":\"WebPage\",\"@id\":\"http:\\\/\\\/styletpinceau.fr\\\/styletpinceau\\\/\",\"url\":\"http:\\\/\\\/styletpinceau.fr\\\/styletpinceau\\\/\",\"name\":\"Accueil - Stylet\\\/Pinceau\",\"isPartOf\":{\"@id\":\"http:\\\/\\\/styletpinceau.fr\\\/styletpinceau\\\/#website\"},\"primaryImageOfPage\":{\"@id\":\"http:\\\/\\\/styletpinceau.fr\\\/styletpinceau\\\/#primaryimage\"},\"image\":{\"@id\":\"http:\\\/\\\/styletpinceau.fr\\\/styletpinceau\\\/#primaryimage\"},\"thumbnailUrl\":\"http:\\\/\\\/styletpinceau.fr\\\/styletpinceau\\\/wp-content\\\/uploads\\\/2025\\\/08\\\/20250609_164401-1024x577.jpg\",\"datePublished\":\"2025-08-30T20:36:33+00:00\",\"dateModified\":\"2025-12-03T20:16:42+00:00\",\"description\":\"Cosplay sur mesure, illustrations personnalis\u00e9es, couture et maroquinerie artisanale. Commandez vos cr\u00e9ations uniques ou d\u00e9couvrez mes objets en vente.\",\"breadcrumb\":{\"@id\":\"http:\\\/\\\/styletpinceau.fr\\\/styletpinceau\\\/#breadcrumb\"},\"inLanguage\":\"en-US\",\"potentialAction\":[{\"@type\":\"ReadAction\",\"target\":[\"http:\\\/\\\/styletpinceau.fr\\\/styletpinceau\\\/\"]}]},{\"@type\":\"ImageObject\",\"inLanguage\":\"en-US\",\"@id\":\"http:\\\/\\\/styletpinceau.fr\\\/styletpinceau\\\/#primaryimage\",\"url\":\"http:\\\/\\\/styletpinceau.fr\\\/styletpinceau\\\/wp-content\\\/uploads\\\/2025\\\/08\\\/20250609_164401-scaled.jpg\",\"contentUrl\":\"http:\\\/\\\/styletpinceau.fr\\\/styletpinceau\\\/wp-content\\\/uploads\\\/2025\\\/08\\\/20250609_164401-scaled.jpg\",\"width\":2560,\"height\":1442},{\"@type\":\"BreadcrumbList\",\"@id\":\"http:\\\/\\\/styletpinceau.fr\\\/styletpinceau\\\/#breadcrumb\",\"itemListElement\":[{\"@type\":\"ListItem\",\"position\":1,\"name\":\"Home\",\"item\":\"http:\\\/\\\/styletpinceau.fr\\\/styletpinceau\\\/\"},{\"@type\":\"ListItem\",\"position\":2,\"name\":\"Accueil\"}]},{\"@type\":\"WebSite\",\"@id\":\"http:\\\/\\\/styletpinceau.fr\\\/styletpinceau\\\/#website\",\"url\":\"http:\\\/\\\/styletpinceau.fr\\\/styletpinceau\\\/\",\"name\":\"Stylet\\\/Pinceau\",\"description\":\"Illustratrice, couturi\u00e8re, maroquini\u00e8re, je cr\u00e9\u00e9 et met mes mains au service des personnes voulant des objets personnaliser : v\u00eatements, cosplay, dessin\",\"publisher\":{\"@id\":\"http:\\\/\\\/styletpinceau.fr\\\/styletpinceau\\\/#\\\/schema\\\/person\\\/149f3613d80a0e135ae1e17e1fe0eae3\"},\"potentialAction\":[{\"@type\":\"SearchAction\",\"target\":{\"@type\":\"EntryPoint\",\"urlTemplate\":\"http:\\\/\\\/styletpinceau.fr\\\/styletpinceau\\\/?s={search_term_string}\"},\"query-input\":{\"@type\":\"PropertyValueSpecification\",\"valueRequired\":true,\"valueName\":\"search_term_string\"}}],\"inLanguage\":\"en-US\"},{\"@type\":[\"Person\",\"Organization\"],\"@id\":\"http:\\\/\\\/styletpinceau.fr\\\/styletpinceau\\\/#\\\/schema\\\/person\\\/149f3613d80a0e135ae1e17e1fe0eae3\",\"name\":\"Coline\",\"image\":{\"@type\":\"ImageObject\",\"inLanguage\":\"en-US\",\"@id\":\"http:\\\/\\\/styletpinceau.fr\\\/styletpinceau\\\/wp-content\\\/uploads\\\/2025\\\/08\\\/Logo-site-stylet-pinceau-512x512-1.png\",\"url\":\"http:\\\/\\\/styletpinceau.fr\\\/styletpinceau\\\/wp-content\\\/uploads\\\/2025\\\/08\\\/Logo-site-stylet-pinceau-512x512-1.png\",\"contentUrl\":\"http:\\\/\\\/styletpinceau.fr\\\/styletpinceau\\\/wp-content\\\/uploads\\\/2025\\\/08\\\/Logo-site-stylet-pinceau-512x512-1.png\",\"width\":512,\"height\":512,\"caption\":\"Coline\"},\"logo\":{\"@id\":\"http:\\\/\\\/styletpinceau.fr\\\/styletpinceau\\\/wp-content\\\/uploads\\\/2025\\\/08\\\/Logo-site-stylet-pinceau-512x512-1.png\"},\"sameAs\":[\"http:\\\/\\\/styletpinceau.fr\\\/styletpinceau\"]}]}<\/script>\n<!-- \/ Yoast SEO plugin. -->","yoast_head_json":{"title":"Accueil - Stylet\/Pinceau","description":"Cosplay sur mesure, illustrations personnalis\u00e9es, couture et maroquinerie artisanale. Commandez vos cr\u00e9ations uniques ou d\u00e9couvrez mes objets en vente.","robots":{"index":"index","follow":"follow","max-snippet":"max-snippet:-1","max-image-preview":"max-image-preview:large","max-video-preview":"max-video-preview:-1"},"canonical":"http:\/\/styletpinceau.fr\/styletpinceau\/","og_locale":"en_US","og_type":"article","og_title":"Accueil - Stylet\/Pinceau","og_description":"Cosplay sur mesure, illustrations personnalis\u00e9es, couture et maroquinerie artisanale. Commandez vos cr\u00e9ations uniques ou d\u00e9couvrez mes objets en vente.","og_url":"http:\/\/styletpinceau.fr\/styletpinceau\/","og_site_name":"Stylet\/Pinceau","article_modified_time":"2025-12-03T20:16:42+00:00","og_image":[{"url":"http:\/\/styletpinceau.fr\/styletpinceau\/wp-content\/uploads\/2025\/08\/20250609_164401-1024x577.jpg","type":"","width":"","height":""}],"twitter_card":"summary_large_image","twitter_misc":{"Est. reading time":"1 minute"},"schema":{"@context":"https:\/\/schema.org","@graph":[{"@type":"WebPage","@id":"http:\/\/styletpinceau.fr\/styletpinceau\/","url":"http:\/\/styletpinceau.fr\/styletpinceau\/","name":"Accueil - Stylet\/Pinceau","isPartOf":{"@id":"http:\/\/styletpinceau.fr\/styletpinceau\/#website"},"primaryImageOfPage":{"@id":"http:\/\/styletpinceau.fr\/styletpinceau\/#primaryimage"},"image":{"@id":"http:\/\/styletpinceau.fr\/styletpinceau\/#primaryimage"},"thumbnailUrl":"http:\/\/styletpinceau.fr\/styletpinceau\/wp-content\/uploads\/2025\/08\/20250609_164401-1024x577.jpg","datePublished":"2025-08-30T20:36:33+00:00","dateModified":"2025-12-03T20:16:42+00:00","description":"Cosplay sur mesure, illustrations personnalis\u00e9es, couture et maroquinerie artisanale. Commandez vos cr\u00e9ations uniques ou d\u00e9couvrez mes objets en vente.","breadcrumb":{"@id":"http:\/\/styletpinceau.fr\/styletpinceau\/#breadcrumb"},"inLanguage":"en-US","potentialAction":[{"@type":"ReadAction","target":["http:\/\/styletpinceau.fr\/styletpinceau\/"]}]},{"@type":"ImageObject","inLanguage":"en-US","@id":"http:\/\/styletpinceau.fr\/styletpinceau\/#primaryimage","url":"http:\/\/styletpinceau.fr\/styletpinceau\/wp-content\/uploads\/2025\/08\/20250609_164401-scaled.jpg","contentUrl":"http:\/\/styletpinceau.fr\/styletpinceau\/wp-content\/uploads\/2025\/08\/20250609_164401-scaled.jpg","width":2560,"height":1442},{"@type":"BreadcrumbList","@id":"http:\/\/styletpinceau.fr\/styletpinceau\/#breadcrumb","itemListElement":[{"@type":"ListItem","position":1,"name":"Home","item":"http:\/\/styletpinceau.fr\/styletpinceau\/"},{"@type":"ListItem","position":2,"name":"Accueil"}]},{"@type":"WebSite","@id":"http:\/\/styletpinceau.fr\/styletpinceau\/#website","url":"http:\/\/styletpinceau.fr\/styletpinceau\/","name":"Stylet\/Pinceau","description":"Illustratrice, couturi\u00e8re, maroquini\u00e8re, je cr\u00e9\u00e9 et met mes mains au service des personnes voulant des objets personnaliser : v\u00eatements, cosplay, dessin","publisher":{"@id":"http:\/\/styletpinceau.fr\/styletpinceau\/#\/schema\/person\/149f3613d80a0e135ae1e17e1fe0eae3"},"potentialAction":[{"@type":"SearchAction","target":{"@type":"EntryPoint","urlTemplate":"http:\/\/styletpinceau.fr\/styletpinceau\/?s={search_term_string}"},"query-input":{"@type":"PropertyValueSpecification","valueRequired":true,"valueName":"search_term_string"}}],"inLanguage":"en-US"},{"@type":["Person","Organization"],"@id":"http:\/\/styletpinceau.fr\/styletpinceau\/#\/schema\/person\/149f3613d80a0e135ae1e17e1fe0eae3","name":"Coline","image":{"@type":"ImageObject","inLanguage":"en-US","@id":"http:\/\/styletpinceau.fr\/styletpinceau\/wp-content\/uploads\/2025\/08\/Logo-site-stylet-pinceau-512x512-1.png","url":"http:\/\/styletpinceau.fr\/styletpinceau\/wp-content\/uploads\/2025\/08\/Logo-site-stylet-pinceau-512x512-1.png","contentUrl":"http:\/\/styletpinceau.fr\/styletpinceau\/wp-content\/uploads\/2025\/08\/Logo-site-stylet-pinceau-512x512-1.png","width":512,"height":512,"caption":"Coline"},"logo":{"@id":"http:\/\/styletpinceau.fr\/styletpinceau\/wp-content\/uploads\/2025\/08\/Logo-site-stylet-pinceau-512x512-1.png"},"sameAs":["http:\/\/styletpinceau.fr\/styletpinceau"]}]}},"_links":{"self":[{"href":"http:\/\/styletpinceau.fr\/styletpinceau\/index.php?rest_route=\/wp\/v2\/pages\/13","targetHints":{"allow":["GET"]}}],"collection":[{"href":"http:\/\/styletpinceau.fr\/styletpinceau\/index.php?rest_route=\/wp\/v2\/pages"}],"about":[{"href":"http:\/\/styletpinceau.fr\/styletpinceau\/index.php?rest_route=\/wp\/v2\/types\/page"}],"author":[{"embeddable":true,"href":"http:\/\/styletpinceau.fr\/styletpinceau\/index.php?rest_route=\/wp\/v2\/users\/1"}],"replies":[{"embeddable":true,"href":"http:\/\/styletpinceau.fr\/styletpinceau\/index.php?rest_route=%2Fwp%2Fv2%2Fcomments&post=13"}],"version-history":[{"count":10,"href":"http:\/\/styletpinceau.fr\/styletpinceau\/index.php?rest_route=\/wp\/v2\/pages\/13\/revisions"}],"predecessor-version":[{"id":103,"href":"http:\/\/styletpinceau.fr\/styletpinceau\/index.php?rest_route=\/wp\/v2\/pages\/13\/revisions\/103"}],"wp:attachment":[{"href":"http:\/\/styletpinceau.fr\/styletpinceau\/index.php?rest_route=%2Fwp%2Fv2%2Fmedia&parent=13"}],"curies":[{"name":"wp","href":"https:\/\/api.w.org\/{rel}","templated":true}]}}